{"id":77,"date":"2019-09-25T14:03:40","date_gmt":"2019-09-25T12:03:40","guid":{"rendered":"http:\/\/rollbrettkultur-lauingen.de\/?page_id=77"},"modified":"2021-02-04T22:57:03","modified_gmt":"2021-02-04T20:57:03","slug":"projekte","status":"publish","type":"page","link":"https:\/\/rollbrettkultur-lauingen.de\/?page_id=77","title":{"rendered":"Projekte"},"content":{"rendered":"<p>Unser Verein k\u00fcmmert sich neben der Betreibung der Skateboardhalle &#8222;flipfabrik&#8220; auch um Skateparks bzw. Skatepl\u00e4tze in unserer Region. Fast alle Skatepl\u00e4tze sind vor der Gr\u00fcndung unseres Vereins geschaffen worden, leider sind auch die meisten Pl\u00e4tze ohne direkten Kontakt mit den sp\u00e4teren Nutzern entstanden. Durch unsere Vereinst\u00e4tigkeit erhoffen wir uns bei zuk\u00fcnftigen Projekten mit unseren Anliegen und Fachwissen einbringen zu k\u00f6nnen, um nachhaltige Konzepte zu entwickeln von denen am Ende alle beteiligen profitieren. Eine gute Skate-Anlage die von den Nutzern gut angenommen wird muss nicht besonders gro\u00df sein oder \u00fcber eine\u00a0m\u00f6glichst hohe Anzahl von Obstacles (Rampen usw.) verf\u00fcgen, weniger ist oft mehr, lieber gut geplant und fahrbar ist\u00a0nicht teurer als ein Maximum an schlechten Rampen auf einem kleinen Platz. Es bedarf eines stimmigen Gesamtkonzepts\u00a0mit den passenden Dimensionen f\u00fcr die Nutzer.<\/p>\n","protected":false},"excerpt":{"rendered":"<p>Unser Verein k\u00fcmmert sich neben der Betreibung der Skateboardhalle &#8222;flipfabrik&#8220; auch um Skateparks bzw. Skatepl\u00e4tze in unserer Region. Fast alle Skatepl\u00e4tze sind vor der Gr\u00fcndung unseres Vereins geschaffen worden, leider sind auch die meisten Pl\u00e4tze ohne direkten Kontakt mit den sp\u00e4teren Nutzern entstanden. Durch unsere Vereinst\u00e4tigkeit erhoffen wir uns bei zuk\u00fcnftigen Projekten mit unseren Anliegen und Fachwissen einbringen zu k\u00f6nnen, um nachhaltige Konzepte zu entwickeln von denen am Ende alle<\/p>\n<div class=\"read-more\"><a class=\"btn read-more-btn\" href=\"https:\/\/rollbrettkultur-lauingen.de\/?page_id=77\">Weiterlesen<\/a><\/div>\n","protected":false},"author":1,"featured_media":0,"parent":0,"menu_order":0,"comment_status":"closed","ping_status":"closed","template":"","meta":{"footnotes":""},"class_list":["post-77","page","type-page","status-publish","hentry"],"_links":{"self":[{"href":"https:\/\/rollbrettkultur-lauingen.de\/index.php?rest_route=\/wp\/v2\/pages\/77","targetHints":{"allow":["GET"]}}],"collection":[{"href":"https:\/\/rollbrettkultur-lauingen.de\/index.php?rest_route=\/wp\/v2\/pages"}],"about":[{"href":"https:\/\/rollbrettkultur-lauingen.de\/index.php?rest_route=\/wp\/v2\/types\/page"}],"author":[{"embeddable":true,"href":"https:\/\/rollbrettkultur-lauingen.de\/index.php?rest_route=\/wp\/v2\/users\/1"}],"replies":[{"embeddable":true,"href":"https:\/\/rollbrettkultur-lauingen.de\/index.php?rest_route=%2Fwp%2Fv2%2Fcomments&post=77"}],"version-history":[{"count":6,"href":"https:\/\/rollbrettkultur-lauingen.de\/index.php?rest_route=\/wp\/v2\/pages\/77\/revisions"}],"predecessor-version":[{"id":471,"href":"https:\/\/rollbrettkultur-lauingen.de\/index.php?rest_route=\/wp\/v2\/pages\/77\/revisions\/471"}],"wp:attachment":[{"href":"https:\/\/rollbrettkultur-lauingen.de\/index.php?rest_route=%2Fwp%2Fv2%2Fmedia&parent=77"}],"curies":[{"name":"wp","href":"https:\/\/api.w.org\/{rel}","templated":true}]}}