{"id":49,"date":"2019-09-22T21:19:51","date_gmt":"2019-09-22T21:19:51","guid":{"rendered":"http:\/\/rollbrettkultur-lauingen.de\/?page_id=49"},"modified":"2023-04-23T19:59:54","modified_gmt":"2023-04-23T17:59:54","slug":"impressum","status":"publish","type":"page","link":"https:\/\/rollbrettkultur-lauingen.de\/?page_id=49","title":{"rendered":"Impressum"},"content":{"rendered":"<p><strong>Vereinsanschrift:<\/strong><br \/>\nVerein zur Erhaltung der Rollbrettkultur e. V.<br \/>\nIn der Ludwigsau 10<br \/>\n89415 Lauingen (Donau)<br \/>\n<strong><br \/>\n<\/strong><strong>Postanschrift:<\/strong><br \/>\nVerein zur Erhaltung der Rollbrettkultur e. V.<br \/>\nWelfenstra\u00dfe 5<br \/>\n89407 Dillingen a. d. Donau<br \/>\n<strong><br \/>\n<\/strong><strong>Register:<\/strong><br \/>\nRegistergericht Augsburg: VR 200592<br \/>\nSteuer Nr. 152\/111\/40264<br \/>\n<strong><br \/>\n<\/strong><strong>Inhaltlich Verantwortliche gem. \u00a7 10 MDStV<\/strong><br \/>\n1. Vorsitzender Stefan Krause<br \/>\n<a href=\"mailto:stefan@rollbrettkultur-lauingen.de&quot;&gt;stefan@rollbrettkultur-lauingen.de\">stefan@rollbrettkultur-lauingen.de<\/a><br \/>\n<strong><br \/>\n<\/strong><strong>Der Verein wird nach au\u00dfen vertreten von:<\/strong><\/p>\n<ol>\n<li>Vorsitzender: Stefan Krause<\/li>\n<li>Vorsitzender: Felix Fischer<\/li>\n<li>Schatzmeister: Niklas Wengert<\/li>\n<li>Schriftf\u00fchrer: Ludwig Biller<\/li>\n<\/ol>\n<p><strong>Unser Verein ist Mitglied beim <a href=\"https:\/\/www.blsv.de\">&#8222;Bayerischen Landes-Sportverband e.V. &#8222;<\/a><\/strong><\/p>\n<p><strong>Hinweise:<\/strong><br \/>\n<strong>Links zu externen Webseiten<\/strong><br \/>\nLinks zu externen Internetseiten sollen Dir weitergehende und n\u00fctzliche Informationen erschlie\u00dfen. Trotz sorgf\u00e4ltiger Auswahl und inhaltlicher Pr\u00fcfung zum Zeitpunkt der Aufnahme des Links in diese Internetseiten, \u00fcbernehmen wir keine Haftung f\u00fcr die Inhalte externer Internetseiten. F\u00fcr den Inhalt der verlinkten Seiten sind ausschlie\u00dflich deren Betreiber verantwortlich.<br \/>\n<strong><br \/>\n<\/strong><strong>Urheberrecht<\/strong><br \/>\nRechteinhaber: spot Regensburg e. V. Alle Rechte vorbehalten. Alle Bestandteile dieser Internetseiten inkl. deren Anordnung unterliegen dem Schutz des Urheberrechts und anderer Schutzgesetze. Die kommerzielle Verwertung oder Verarbeitung von Inhalten auf jegliche Art ist nicht gestattet. Alle innerhalb dieser Internetseiten genannten und ggf. durch Dritte gesch\u00fctzten Marken- oder Warenzeichen unterliegen uneingeschr\u00e4nkt den Bestimmungen des jeweils g\u00fcltigen Kennzeichnungsrechts und den Besitzrechten der jeweils eingetragenen Eigent\u00fcmer.<br \/>\n<strong><br \/>\n<\/strong><strong>Haftungshinweis<\/strong><br \/>\nDiese Internetseiten haben wir sorgf\u00e4ltig f\u00fcr Dich zusammengestellt. Wir \u00fcbernehmen keine Haftung oder Garantie f\u00fcr die Richtigkeit oder Vollst\u00e4ndigkeit der Angaben. Farbmuster auf diesen Internetseiten sind nicht als Eigenschaftszusicherung zu verstehen. Wir behalten uns das Recht vor, die bereitgestellten Informationen jederzeit zu \u00e4ndern oder zu erg\u00e4nzen.<br \/>\n<strong><br \/>\n<\/strong><strong>Schutzrechtsverletzung<\/strong><br \/>\nWer vermutet, dass von unserer Website aus Schutzrechte verletzt werden, teilt uns das bitte umgehend schriftlich mit, damit wir Aufkl\u00e4rung und Abhilfe schaffen k\u00f6nnen. Zeitaufw\u00e4ndige und kostenpflichtige Abmahnverfahren sind reine Zeitverschwendung und Geldvernichtung und entsprechen nicht unserem Willen.<br \/>\n<strong><br \/>\n<\/strong><strong>Online-Streitbeilegung<\/strong><br \/>\nDie Europ\u00e4ische Kommission stellt unter\u00a0<a href=\"https:\/\/ec.europa.eu\/consumers\/odr\/\">https:\/\/ec.europa.eu\/consumers\/odr\/<\/a>eine Plattform zur Online-Streitbeilegung bereit, die Verbraucher f\u00fcr die Beilegung einer Streitigkeit nutzen k\u00f6nnen und auf der weitere Informationen zum Thema Streitschlichtung zu finden sind.<br \/>\n<strong><br \/>\n<\/strong><strong>Au\u00dfergerichtliche Streitbeilegung<\/strong><br \/>\nWir sind weder verpflichtet noch dazu bereit, im Falle einer Streitigkeit mit einem Verbraucher an einem Streitbeilegungsverfahren vor einer Verbraucherschlichtungsstelle teilzunehmen.<\/p>\n","protected":false},"excerpt":{"rendered":"<p>Vereinsanschrift: Verein zur Erhaltung der Rollbrettkultur e. V. In der Ludwigsau 10 89415 Lauingen (Donau) Postanschrift: Verein zur Erhaltung der Rollbrettkultur e. V. Welfenstra\u00dfe 5 89407 Dillingen a. d. Donau Register: Registergericht Augsburg: VR 200592 Steuer Nr. 152\/111\/40264 Inhaltlich Verantwortliche gem. \u00a7 10 MDStV 1. Vorsitzender Stefan Krause stefan@rollbrettkultur-lauingen.de Der Verein wird nach au\u00dfen vertreten von: Vorsitzender: Stefan Krause Vorsitzender: Felix Fischer Schatzmeister: Niklas Wengert Schriftf\u00fchrer: Ludwig Biller Unser Verein<\/p>\n<div class=\"read-more\"><a class=\"btn read-more-btn\" href=\"https:\/\/rollbrettkultur-lauingen.de\/?page_id=49\">Weiterlesen<\/a><\/div>\n","protected":false},"author":1,"featured_media":0,"parent":0,"menu_order":0,"comment_status":"closed","ping_status":"closed","template":"","meta":{"footnotes":""},"class_list":["post-49","page","type-page","status-publish","hentry"],"_links":{"self":[{"href":"https:\/\/rollbrettkultur-lauingen.de\/index.php?rest_route=\/wp\/v2\/pages\/49","targetHints":{"allow":["GET"]}}],"collection":[{"href":"https:\/\/rollbrettkultur-lauingen.de\/index.php?rest_route=\/wp\/v2\/pages"}],"about":[{"href":"https:\/\/rollbrettkultur-lauingen.de\/index.php?rest_route=\/wp\/v2\/types\/page"}],"author":[{"embeddable":true,"href":"https:\/\/rollbrettkultur-lauingen.de\/index.php?rest_route=\/wp\/v2\/users\/1"}],"replies":[{"embeddable":true,"href":"https:\/\/rollbrettkultur-lauingen.de\/index.php?rest_route=%2Fwp%2Fv2%2Fcomments&post=49"}],"version-history":[{"count":23,"href":"https:\/\/rollbrettkultur-lauingen.de\/index.php?rest_route=\/wp\/v2\/pages\/49\/revisions"}],"predecessor-version":[{"id":564,"href":"https:\/\/rollbrettkultur-lauingen.de\/index.php?rest_route=\/wp\/v2\/pages\/49\/revisions\/564"}],"wp:attachment":[{"href":"https:\/\/rollbrettkultur-lauingen.de\/index.php?rest_route=%2Fwp%2Fv2%2Fmedia&parent=49"}],"curies":[{"name":"wp","href":"https:\/\/api.w.org\/{rel}","templated":true}]}}