{"id":332,"date":"2020-01-24T12:38:59","date_gmt":"2020-01-24T10:38:59","guid":{"rendered":"http:\/\/rollbrettkultur-lauingen.de\/?page_id=332"},"modified":"2021-02-08T12:27:19","modified_gmt":"2021-02-08T10:27:19","slug":"skatepark-dillingen","status":"publish","type":"page","link":"https:\/\/rollbrettkultur-lauingen.de\/?page_id=332","title":{"rendered":"Skatepark &#8222;Dillingen&#8220;"},"content":{"rendered":"<p>Wie ihr evtl. auch bereits aus der Donau-Zeitung erfahren habt, plant die Stadt Dillingen einen neuer Skate- und Dirtpark auf einer Teilfl\u00e4che des Donau-Stadions zu errichten.\u00a0Der alte Skateplatz in der N\u00e4he des Festplatzes ist mittlerweile in die Jahre gekommen, weshalb auch einige der Rampen abgebaut werden mussten. Dies liegt auch daran, dass einige Obstacle nur f\u00fcr einen bestimmten Zeitraum eine Freigabe vom T\u00dcV erhalten, bevor sie komplett erneuert oder abmontiert werden m\u00fcssen.<\/p>\n<p>Am 17.12.2019 wurde im College in Dillingen ein Workshop gemeinsam mit allen beteiligten am Projekt abgehalten und Entw\u00fcrfe sowie Skizzen gemeinsam erarbeitet. Am 10.02.2020 wurde in einer Sitzung des\u00a0Stadtentwicklungsausschusses der finale Planungsentwurf ausgew\u00e4hlt und vorgestellt. Die Realisierung des Dirtparks soll zuerst verwirklicht werden und ist auf Ende 2020 angesetzt, der Skatepark soll im Jahr 2021 entstehen.<\/p>\n<p>&nbsp;<\/p>\n<p>Hier auch nochmal mit den Links zu unserer Heimatzeitung nachzulesen, teils leider nur als +Plus Artikel verf\u00fcgbar.<\/p>\n<p><a href=\"https:\/\/www.augsburger-allgemeine.de\/dillingen\/Hier-entstehen-eine-Skate-Anlage-und-ein-Dirtpark-id56725621.html\">https:\/\/www.augsburger-allgemeine.de\/dillingen\/Hier-entstehen-eine-Skate-Anlage-und-ein-Dirtpark-id56725621.html<\/a><\/p>\n<p><a href=\"https:\/\/www.augsburger-allgemeine.de\/dillingen\/Jetzt-geht-s-los-im-Dillinger-Dirtpark-id58515901.html\">https:\/\/www.augsburger-allgemeine.de\/dillingen\/Jetzt-geht-s-los-im-Dillinger-Dirtpark-id58515901.html<\/a><\/p>\n","protected":false},"excerpt":{"rendered":"<p>Wie ihr evtl. auch bereits aus der Donau-Zeitung erfahren habt, plant die Stadt Dillingen einen neuer Skate- und Dirtpark auf einer Teilfl\u00e4che des Donau-Stadions zu errichten.\u00a0Der alte Skateplatz in der N\u00e4he des Festplatzes ist mittlerweile in die Jahre gekommen, weshalb auch einige der Rampen abgebaut werden mussten. Dies liegt auch daran, dass einige Obstacle nur f\u00fcr einen bestimmten Zeitraum eine Freigabe vom T\u00dcV erhalten, bevor sie komplett erneuert oder abmontiert<\/p>\n<div class=\"read-more\"><a class=\"btn read-more-btn\" href=\"https:\/\/rollbrettkultur-lauingen.de\/?page_id=332\">Weiterlesen<\/a><\/div>\n","protected":false},"author":1,"featured_media":0,"parent":0,"menu_order":0,"comment_status":"closed","ping_status":"closed","template":"","meta":{"footnotes":""},"class_list":["post-332","page","type-page","status-publish","hentry"],"_links":{"self":[{"href":"https:\/\/rollbrettkultur-lauingen.de\/index.php?rest_route=\/wp\/v2\/pages\/332","targetHints":{"allow":["GET"]}}],"collection":[{"href":"https:\/\/rollbrettkultur-lauingen.de\/index.php?rest_route=\/wp\/v2\/pages"}],"about":[{"href":"https:\/\/rollbrettkultur-lauingen.de\/index.php?rest_route=\/wp\/v2\/types\/page"}],"author":[{"embeddable":true,"href":"https:\/\/rollbrettkultur-lauingen.de\/index.php?rest_route=\/wp\/v2\/users\/1"}],"replies":[{"embeddable":true,"href":"https:\/\/rollbrettkultur-lauingen.de\/index.php?rest_route=%2Fwp%2Fv2%2Fcomments&post=332"}],"version-history":[{"count":9,"href":"https:\/\/rollbrettkultur-lauingen.de\/index.php?rest_route=\/wp\/v2\/pages\/332\/revisions"}],"predecessor-version":[{"id":475,"href":"https:\/\/rollbrettkultur-lauingen.de\/index.php?rest_route=\/wp\/v2\/pages\/332\/revisions\/475"}],"wp:attachment":[{"href":"https:\/\/rollbrettkultur-lauingen.de\/index.php?rest_route=%2Fwp%2Fv2%2Fmedia&parent=332"}],"curies":[{"name":"wp","href":"https:\/\/api.w.org\/{rel}","templated":true}]}}